{"id":1113,"date":"2025-04-10T04:45:07","date_gmt":"2025-04-10T03:45:07","guid":{"rendered":"https:\/\/tienda.inlitech.nelperecas.com\/?post_type=product&#038;p=1113"},"modified":"2025-04-10T04:45:48","modified_gmt":"2025-04-10T03:45:48","slug":"botonera-radiora-rrst-w4b-120v-bl","status":"publish","type":"product","link":"https:\/\/tienda.inlitechcol.com.co\/index.php\/product\/botonera-radiora-rrst-w4b-120v-bl\/","title":{"rendered":"Botonera RadioRA RRST W4B 120V BL"},"content":{"rendered":"<p>RA3 4B SUNNATA KEYPAD BL<\/p>\n<p>Detalles del producto<br \/>\nFicha t\u00e9cnica<\/p>\n<p>Tension de Operacion Nomina: 120V<br \/>\nTipo Botones: 4B<br \/>\nEstilo Lutron: Designer Gloss<br \/>\nTipo Comunicacion Lutron: Clear Connect X<br \/>\nTipo Producto Lutron: Botonera<br \/>\nRequiere Neutro: Si<br \/>\nLinea Lutron: RadioRA<br \/>\nColor Lutron (Gloss Satin Mate o Metal): BL<\/p>\n<p>Referencias espec\u00edficas<\/p>\n<p>upc: 784276286053<\/p>\n<div class=\"content_video iframe has-wh\"><iframe loading=\"lazy\" style=\"\" class=\"scale-with-grid\" width=\"700\" height=\"400\" src=\"https:\/\/www.youtube.com\/embed\/3czeL9cQLvo?wmode=opaque&amp;rel=0&amp;enablejsapi=1\" allowfullscreen><\/iframe>\n<\/div>\n\n","protected":false},"excerpt":{"rendered":"<p>Botonera con elegante barra luminosa Sunnata.\u00a0Use los teclados para transformar instant\u00e1neamente un espacio en una zona de confort activando escenas, como niveles preestablecidos de luz, m\u00fasica y m\u00e1s.<\/p>\n","protected":false},"featured_media":1114,"comment_status":"open","ping_status":"closed","template":"","meta":[],"product_brand":[175],"product_cat":[165],"product_tag":[],"class_list":{"0":"post-1113","1":"product","2":"type-product","3":"status-publish","4":"has-post-thumbnail","6":"product_brand-lutron","7":"product_cat-control-de-iluminacion","9":"first","10":"instock","11":"taxable","12":"shipping-taxable","13":"purchasable","14":"product-type-simple"},"_links":{"self":[{"href":"https:\/\/tienda.inlitechcol.com.co\/index.php\/wp-json\/wp\/v2\/product\/1113","targetHints":{"allow":["GET"]}}],"collection":[{"href":"https:\/\/tienda.inlitechcol.com.co\/index.php\/wp-json\/wp\/v2\/product"}],"about":[{"href":"https:\/\/tienda.inlitechcol.com.co\/index.php\/wp-json\/wp\/v2\/types\/product"}],"replies":[{"embeddable":true,"href":"https:\/\/tienda.inlitechcol.com.co\/index.php\/wp-json\/wp\/v2\/comments?post=1113"}],"wp:featuredmedia":[{"embeddable":true,"href":"https:\/\/tienda.inlitechcol.com.co\/index.php\/wp-json\/wp\/v2\/media\/1114"}],"wp:attachment":[{"href":"https:\/\/tienda.inlitechcol.com.co\/index.php\/wp-json\/wp\/v2\/media?parent=1113"}],"wp:term":[{"taxonomy":"product_brand","embeddable":true,"href":"https:\/\/tienda.inlitechcol.com.co\/index.php\/wp-json\/wp\/v2\/product_brand?post=1113"},{"taxonomy":"product_cat","embeddable":true,"href":"https:\/\/tienda.inlitechcol.com.co\/index.php\/wp-json\/wp\/v2\/product_cat?post=1113"},{"taxonomy":"product_tag","embeddable":true,"href":"https:\/\/tienda.inlitechcol.com.co\/index.php\/wp-json\/wp\/v2\/product_tag?post=1113"}],"curies":[{"name":"wp","href":"https:\/\/api.w.org\/{rel}","templated":true}]}}