{"id":1111,"date":"2025-04-10T04:37:31","date_gmt":"2025-04-10T03:37:31","guid":{"rendered":"https:\/\/tienda.inlitech.nelperecas.com\/?post_type=product&#038;p=1111"},"modified":"2025-04-10T04:37:31","modified_gmt":"2025-04-10T03:37:31","slug":"dimmer-radiora-rrst-pro-120v250wn-sw-aten-fase","status":"publish","type":"product","link":"https:\/\/tienda.inlitechcol.com.co\/index.php\/product\/dimmer-radiora-rrst-pro-120v250wn-sw-aten-fase\/","title":{"rendered":"Dimmer RadioRA RRST PRO 120V250WN SW Aten Fase"},"content":{"rendered":"<p>RA3 SUNNATA PRO NTRL DIMMER SW<br \/>\nDetalles del producto<\/p>\n<p>Ficha t\u00e9cnica<\/p>\n<p>Tension de Operacion Nominal: 120V<br \/>\nEstilo Lutron: Designer Satin<br \/>\nPotencia: 250W<br \/>\nTipo de Control Lutron: Aten Fase<br \/>\nTipo Comunicacion Lutron: Clear Connect X<br \/>\nTipo Producto Lutron: Dimmer<br \/>\nRequiere Neutro: Opcional<br \/>\nLinea Lutron: RadioRA<br \/>\nColor Lutron (Gloss Satin Mate o Metal): SW<\/p>\n<p>Referencias espec\u00edficas<\/p>\n<p>upc: 784276808538<\/p>\n<div class=\"content_video iframe has-wh\"><iframe loading=\"lazy\" style=\"\" class=\"scale-with-grid\" width=\"700\" height=\"400\" src=\"https:\/\/www.youtube.com\/embed\/3czeL9cQLvo?wmode=opaque&amp;rel=0&amp;enablejsapi=1\" allowfullscreen><\/iframe>\n<\/div>\n\n","protected":false},"excerpt":{"rendered":"<p><span>Toque o deslice la barra de luces para configurar la atenuaci\u00f3n.\u00a0<\/span><span>Tecnolog\u00eda avanzada PRO LED+ para atenuaci\u00f3n superior de iluminaci\u00f3n LED, hal\u00f3gena, incandescente, MLV y ELV.<\/span><\/p>\n","protected":false},"featured_media":1112,"comment_status":"open","ping_status":"closed","template":"","meta":[],"product_brand":[175],"product_cat":[165],"product_tag":[],"class_list":{"0":"post-1111","1":"product","2":"type-product","3":"status-publish","4":"has-post-thumbnail","6":"product_brand-lutron","7":"product_cat-control-de-iluminacion","9":"first","10":"instock","11":"taxable","12":"shipping-taxable","13":"purchasable","14":"product-type-simple"},"_links":{"self":[{"href":"https:\/\/tienda.inlitechcol.com.co\/index.php\/wp-json\/wp\/v2\/product\/1111","targetHints":{"allow":["GET"]}}],"collection":[{"href":"https:\/\/tienda.inlitechcol.com.co\/index.php\/wp-json\/wp\/v2\/product"}],"about":[{"href":"https:\/\/tienda.inlitechcol.com.co\/index.php\/wp-json\/wp\/v2\/types\/product"}],"replies":[{"embeddable":true,"href":"https:\/\/tienda.inlitechcol.com.co\/index.php\/wp-json\/wp\/v2\/comments?post=1111"}],"wp:featuredmedia":[{"embeddable":true,"href":"https:\/\/tienda.inlitechcol.com.co\/index.php\/wp-json\/wp\/v2\/media\/1112"}],"wp:attachment":[{"href":"https:\/\/tienda.inlitechcol.com.co\/index.php\/wp-json\/wp\/v2\/media?parent=1111"}],"wp:term":[{"taxonomy":"product_brand","embeddable":true,"href":"https:\/\/tienda.inlitechcol.com.co\/index.php\/wp-json\/wp\/v2\/product_brand?post=1111"},{"taxonomy":"product_cat","embeddable":true,"href":"https:\/\/tienda.inlitechcol.com.co\/index.php\/wp-json\/wp\/v2\/product_cat?post=1111"},{"taxonomy":"product_tag","embeddable":true,"href":"https:\/\/tienda.inlitechcol.com.co\/index.php\/wp-json\/wp\/v2\/product_tag?post=1111"}],"curies":[{"name":"wp","href":"https:\/\/api.w.org\/{rel}","templated":true}]}}