{"id":1109,"date":"2025-04-10T04:34:01","date_gmt":"2025-04-10T03:34:01","guid":{"rendered":"https:\/\/tienda.inlitech.nelperecas.com\/?post_type=product&#038;p=1109"},"modified":"2025-04-10T04:34:01","modified_gmt":"2025-04-10T03:34:01","slug":"dimmer-companion-radiora-rrst-rd-120v-wh","status":"publish","type":"product","link":"https:\/\/tienda.inlitechcol.com.co\/index.php\/product\/dimmer-companion-radiora-rrst-rd-120v-wh\/","title":{"rendered":"Dimmer Companion RadioRA RRST RD 120V WH"},"content":{"rendered":"<p>RA3 SUNNATA COMPAN DIMMER WH<br \/>\nDetalles del producto<br \/>\nFicha t\u00e9cnica<\/p>\n<p>Tension de Operacion Nominal: 120V<br \/>\nEstilo Lutron: Designer Gloss<br \/>\nTipo Comunicacion Lutron: na<br \/>\nTipo Producto Lutron: Dimmer Companion<br \/>\nRequiere Neutro: No<br \/>\nLinea Lutron: RadioRA<br \/>\nColor Lutron (Gloss Satin Mate o Metal): WH<\/p>\n<p>Referencias espec\u00edficas<\/p>\n<p>upc: 784276808682<\/p>\n<div class=\"content_video iframe has-wh\"><iframe loading=\"lazy\" style=\"\" class=\"scale-with-grid\" width=\"700\" height=\"400\" src=\"https:\/\/www.youtube.com\/embed\/3czeL9cQLvo?wmode=opaque&amp;rel=0&amp;enablejsapi=1\" allowfullscreen><\/iframe>\n<\/div>\n\n","protected":false},"excerpt":{"rendered":"<p><span>Toque o deslice la barra de luces para configurar la atenuaci\u00f3n.\u00a0<\/span><span>Tecnolog\u00eda avanzada PRO LED+ para atenuaci\u00f3n superior de iluminaci\u00f3n LED, hal\u00f3gena, incandescente, MLV y ELV.<\/span><\/p>\n","protected":false},"featured_media":1110,"comment_status":"open","ping_status":"closed","template":"","meta":[],"product_brand":[175],"product_cat":[165],"product_tag":[],"class_list":{"0":"post-1109","1":"product","2":"type-product","3":"status-publish","4":"has-post-thumbnail","6":"product_brand-lutron","7":"product_cat-control-de-iluminacion","9":"first","10":"instock","11":"taxable","12":"shipping-taxable","13":"purchasable","14":"product-type-simple"},"_links":{"self":[{"href":"https:\/\/tienda.inlitechcol.com.co\/index.php\/wp-json\/wp\/v2\/product\/1109","targetHints":{"allow":["GET"]}}],"collection":[{"href":"https:\/\/tienda.inlitechcol.com.co\/index.php\/wp-json\/wp\/v2\/product"}],"about":[{"href":"https:\/\/tienda.inlitechcol.com.co\/index.php\/wp-json\/wp\/v2\/types\/product"}],"replies":[{"embeddable":true,"href":"https:\/\/tienda.inlitechcol.com.co\/index.php\/wp-json\/wp\/v2\/comments?post=1109"}],"wp:featuredmedia":[{"embeddable":true,"href":"https:\/\/tienda.inlitechcol.com.co\/index.php\/wp-json\/wp\/v2\/media\/1110"}],"wp:attachment":[{"href":"https:\/\/tienda.inlitechcol.com.co\/index.php\/wp-json\/wp\/v2\/media?parent=1109"}],"wp:term":[{"taxonomy":"product_brand","embeddable":true,"href":"https:\/\/tienda.inlitechcol.com.co\/index.php\/wp-json\/wp\/v2\/product_brand?post=1109"},{"taxonomy":"product_cat","embeddable":true,"href":"https:\/\/tienda.inlitechcol.com.co\/index.php\/wp-json\/wp\/v2\/product_cat?post=1109"},{"taxonomy":"product_tag","embeddable":true,"href":"https:\/\/tienda.inlitechcol.com.co\/index.php\/wp-json\/wp\/v2\/product_tag?post=1109"}],"curies":[{"name":"wp","href":"https:\/\/api.w.org\/{rel}","templated":true}]}}