{"id":1106,"date":"2025-04-10T04:28:11","date_gmt":"2025-04-10T03:28:11","guid":{"rendered":"https:\/\/tienda.inlitech.nelperecas.com\/?post_type=product&#038;p=1106"},"modified":"2025-04-10T04:29:38","modified_gmt":"2025-04-10T03:29:38","slug":"switch-companion-radiora-rrst-rs-120v-wh","status":"publish","type":"product","link":"https:\/\/tienda.inlitechcol.com.co\/index.php\/product\/switch-companion-radiora-rrst-rs-120v-wh\/","title":{"rendered":"Switch Companion RadioRA RRST RS 120V WH"},"content":{"rendered":"<p>RA3 SUNNATA COMPAN SWITCH WH<br \/>\nDetalles del producto<br \/>\nFicha t\u00e9cnica<\/p>\n<p>Tension de Operacion Nominal: 120V<br \/>\nEstilo Lutron: Designer Gloss<br \/>\nTipo Comunicacion Lutron: na<br \/>\nTipo Producto Lutron: Switch Companion<br \/>\nRequiere Neutro: No<br \/>\nLinea Lutron: RadioRA<br \/>\nColor Lutron (Gloss Satin Mate o Metal): WH<\/p>\n<p>Referencias espec\u00edficas<\/p>\n<p>upc<br \/>\n784276808750<\/p>\n<div class=\"content_video iframe has-wh\"><iframe loading=\"lazy\" style=\"\" class=\"scale-with-grid\" width=\"700\" height=\"400\" src=\"https:\/\/www.youtube.com\/embed\/3czeL9cQLvo?wmode=opaque&amp;rel=0&amp;enablejsapi=1\" allowfullscreen><\/iframe>\n<\/div>\n\n","protected":false},"excerpt":{"rendered":"<p>El Switch\/Interruptor Sunnata RF RadioRa3 en lugar de un interruptor de luz est\u00e1ndar para proporcionar control de encendido\/apagado de la iluminaci\u00f3n, as\u00ed como control del sistema desde la aplicaci\u00f3n, teclados, controles remotos Pico, sensores y otros dispositivos conectados.<\/p>\n<p>&nbsp;<\/p>\n","protected":false},"featured_media":1107,"comment_status":"open","ping_status":"closed","template":"","meta":[],"product_brand":[175],"product_cat":[165],"product_tag":[],"class_list":{"0":"post-1106","1":"product","2":"type-product","3":"status-publish","4":"has-post-thumbnail","6":"product_brand-lutron","7":"product_cat-control-de-iluminacion","9":"first","10":"instock","11":"taxable","12":"shipping-taxable","13":"purchasable","14":"product-type-simple"},"_links":{"self":[{"href":"https:\/\/tienda.inlitechcol.com.co\/index.php\/wp-json\/wp\/v2\/product\/1106","targetHints":{"allow":["GET"]}}],"collection":[{"href":"https:\/\/tienda.inlitechcol.com.co\/index.php\/wp-json\/wp\/v2\/product"}],"about":[{"href":"https:\/\/tienda.inlitechcol.com.co\/index.php\/wp-json\/wp\/v2\/types\/product"}],"replies":[{"embeddable":true,"href":"https:\/\/tienda.inlitechcol.com.co\/index.php\/wp-json\/wp\/v2\/comments?post=1106"}],"wp:featuredmedia":[{"embeddable":true,"href":"https:\/\/tienda.inlitechcol.com.co\/index.php\/wp-json\/wp\/v2\/media\/1107"}],"wp:attachment":[{"href":"https:\/\/tienda.inlitechcol.com.co\/index.php\/wp-json\/wp\/v2\/media?parent=1106"}],"wp:term":[{"taxonomy":"product_brand","embeddable":true,"href":"https:\/\/tienda.inlitechcol.com.co\/index.php\/wp-json\/wp\/v2\/product_brand?post=1106"},{"taxonomy":"product_cat","embeddable":true,"href":"https:\/\/tienda.inlitechcol.com.co\/index.php\/wp-json\/wp\/v2\/product_cat?post=1106"},{"taxonomy":"product_tag","embeddable":true,"href":"https:\/\/tienda.inlitechcol.com.co\/index.php\/wp-json\/wp\/v2\/product_tag?post=1106"}],"curies":[{"name":"wp","href":"https:\/\/api.w.org\/{rel}","templated":true}]}}