{"id":1103,"date":"2025-04-10T04:08:02","date_gmt":"2025-04-10T03:08:02","guid":{"rendered":"https:\/\/tienda.inlitech.nelperecas.com\/?post_type=product&#038;p=1103"},"modified":"2025-04-10T04:17:31","modified_gmt":"2025-04-10T03:17:31","slug":"bala-led-downlight-12w-de-incrustar-ecodlv12","status":"publish","type":"product","link":"https:\/\/tienda.inlitechcol.com.co\/index.php\/product\/bala-led-downlight-12w-de-incrustar-ecodlv12\/","title":{"rendered":"Bala LED downlight 12W de incrustar ECODLV12"},"content":{"rendered":"<h2>BALA LED DOWNLIGHT 12W<\/h2>\n<p>&nbsp;<\/p>\n<p>Bala LED downlight 12W de incrustar, es un producto de iluminaci\u00f3n interior que se destaca por su dise\u00f1o compacto y eficiente. Est\u00e1 construida en aluminio fundido, que le confiere resistencia y durabilidad. Adem\u00e1s, cuenta con una cantonera donde se instalan los LEDs, permitiendo una emisi\u00f3n directa de luz sin obstrucciones. Su instalaci\u00f3n se realiza de forma incrustada utilizando un resorte tipo mariposa, que permite una f\u00e1cil y segura fijaci\u00f3n en techos. Siendo ideal para su uso en \u00e1reas comerciales como tiendas, galer\u00edas, salas de exposiciones y restaurantes, donde se busca resaltar productos o crear ambientes atractivos. Tambi\u00e9n es una excelente opci\u00f3n para iluminar espacios residenciales como salas de estar, dormitorios y cocinas, brindando una iluminaci\u00f3n potente y focalizada.<\/p>\n<p>&nbsp;<\/p>\n<h2>ESPECIFICACIONES T\u00c9CNICAS<\/h2>\n<p>&nbsp;<\/p>\n<ol>\n<li>Referencia: ECODLV12<\/li>\n<li>Tipo de LED: SMD 2835<\/li>\n<li>Voltaje de entrada: AC100-240V<\/li>\n<li>Temperatura de trabajo: -20\u00b0C + 40\u00b0C<\/li>\n<li>Potencia: 12W<\/li>\n<li>Corriente de trabajo: AC100-240V<\/li>\n<li>Temperatura de color (K): 4000K<\/li>\n<li>Flujo Luminoso (Lm): 1200Lm<\/li>\n<li>Dimerizable: No Dimerizable<\/li>\n<li>CRI: 80 Ra<\/li>\n<li>Dimensiones (mm): \u00d8130X90mm<\/li>\n<li>\u00c1ngulo de Apertura: 60\u00b0<\/li>\n<li>Grado de protecci\u00f3n: IP20<\/li>\n<li>Horas de vida \u00fatil: 30.000H<\/li>\n<li>Garant\u00eda: 24 Meses<\/li>\n<\/ol>\n<a class=\"button  button_left button_size_2\" href=\"https:\/\/ecolite.com.co\/wp-content\/uploads\/fichas-tecnicas\/ficha_tecnica_balas_led_downlight.pdf\"     target=\"_blank\"    title=\"\"><span class=\"button_icon\"><i class=\"download\"  aria-hidden=\"true\"><\/i><\/span><span class=\"button_label\">FICHA T\u00c9CNICA<\/span><\/a>\n\n","protected":false},"excerpt":{"rendered":"<p>Bala LED downlight 12W de incrustar, es un producto innovador que se destaca por su uso de luz trasera directa (back light) la cual le otorga un dise\u00f1o compacto y potente en t\u00e9rminos de iluminaci\u00f3n, ofreciendo una mayor potencia lum\u00ednica en un tama\u00f1o reducido, siendo ideal para su uso en \u00e1reas comerciales como tiendas, salas de exposiciones y restaurantes. Tambi\u00e9n es una excelente opci\u00f3n para iluminar espacios residenciales como salas de estar, dormitorios y cocinas, donde se busca una iluminaci\u00f3n potente y focalizada.<\/p>\n","protected":false},"featured_media":1104,"comment_status":"open","ping_status":"closed","template":"","meta":[],"product_brand":[188],"product_cat":[164],"product_tag":[186,185,187],"class_list":{"0":"post-1103","1":"product","2":"type-product","3":"status-publish","4":"has-post-thumbnail","6":"product_brand-ecolite","7":"product_cat-iluminacion","8":"product_tag-ac120130v","9":"product_tag-led","10":"product_tag-warm-white","12":"first","13":"instock","14":"taxable","15":"shipping-taxable","16":"purchasable","17":"product-type-simple"},"_links":{"self":[{"href":"https:\/\/tienda.inlitechcol.com.co\/index.php\/wp-json\/wp\/v2\/product\/1103","targetHints":{"allow":["GET"]}}],"collection":[{"href":"https:\/\/tienda.inlitechcol.com.co\/index.php\/wp-json\/wp\/v2\/product"}],"about":[{"href":"https:\/\/tienda.inlitechcol.com.co\/index.php\/wp-json\/wp\/v2\/types\/product"}],"replies":[{"embeddable":true,"href":"https:\/\/tienda.inlitechcol.com.co\/index.php\/wp-json\/wp\/v2\/comments?post=1103"}],"wp:featuredmedia":[{"embeddable":true,"href":"https:\/\/tienda.inlitechcol.com.co\/index.php\/wp-json\/wp\/v2\/media\/1104"}],"wp:attachment":[{"href":"https:\/\/tienda.inlitechcol.com.co\/index.php\/wp-json\/wp\/v2\/media?parent=1103"}],"wp:term":[{"taxonomy":"product_brand","embeddable":true,"href":"https:\/\/tienda.inlitechcol.com.co\/index.php\/wp-json\/wp\/v2\/product_brand?post=1103"},{"taxonomy":"product_cat","embeddable":true,"href":"https:\/\/tienda.inlitechcol.com.co\/index.php\/wp-json\/wp\/v2\/product_cat?post=1103"},{"taxonomy":"product_tag","embeddable":true,"href":"https:\/\/tienda.inlitechcol.com.co\/index.php\/wp-json\/wp\/v2\/product_tag?post=1103"}],"curies":[{"name":"wp","href":"https:\/\/api.w.org\/{rel}","templated":true}]}}