{"id":1081,"date":"2025-04-10T03:42:25","date_gmt":"2025-04-10T02:42:25","guid":{"rendered":"https:\/\/tienda.inlitech.nelperecas.com\/?post_type=product&#038;p=1081"},"modified":"2025-04-10T04:17:58","modified_gmt":"2025-04-10T03:17:58","slug":"luminaria-lineal-led-40w-arq40b","status":"publish","type":"product","link":"https:\/\/tienda.inlitechcol.com.co\/index.php\/product\/luminaria-lineal-led-40w-arq40b\/","title":{"rendered":"Luminaria lineal LED 40W ARQ40B"},"content":{"rendered":"<h2>LAMPARA LINEAL LED<\/h2>\n<p>&nbsp;<\/p>\n<p>Nuestra luminaria de uso arquitect\u00f3nico est\u00e1 fabricada en aluminio, lo que permite una excelente disipaci\u00f3n del calor. Su dise\u00f1o innovador y vers\u00e1til permite la uni\u00f3n entre s\u00ed de las luminarias , obteniendo asi una iluminaci\u00f3n continua de gran longitud homogenea,esto gracias a su lente \u00f3ptico opalizado. Su flujo lum\u00ednico es adecuado para diferentes \u00e1reas y actividades que lo requieran, lo que la convierte en la opci\u00f3n ideal para locales comerciales, centros comerciales, bancos y residencias.<\/p>\n<p>&nbsp;<\/p>\n<h2>ESPECIFICACIONES T\u00c9CNICAS<\/h2>\n<p>&nbsp;<\/p>\n<ol>\n<li>Referencia: ARQ40B<\/li>\n<li>Tipo de LED: SMD 2835<\/li>\n<li>Voltaje de entrada: AC100-240V<\/li>\n<li>Temperatura de trabajo: -20\u00baC + 40\u00baC<\/li>\n<li>Potencia: 40W<\/li>\n<li>Corriente de trabajo: AC100-240V<\/li>\n<li>Temperatura de color (K): 4000K Luz Neutra<\/li>\n<li>Flujo Luminoso (Lm): 3600Lm<\/li>\n<li>Dimerizable: No Dimerizable<\/li>\n<li>CRI: 80 Ra<\/li>\n<li>Dimensiones (mm): 1183x70x60.5mm<\/li>\n<li>\u00c1ngulo de Apertura: 120\u00ba<\/li>\n<li>Grado de protecci\u00f3n: IP20<\/li>\n<li>Horas de vida \u00fatil: 30.000 Horas<\/li>\n<li>Garant\u00eda: 24 Meses<\/li>\n<\/ol>\n<a class=\"button  button_size_2\" href=\"https:\/\/ecolite.com.co\/wp-content\/uploads\/fichas-tecnicas\/Ficha%20Tecnica_Lineal-ARQ40B_Ver2024.pdf\"     target=\"_blank\"    title=\"\"><span class=\"button_label\">FICHA T\u00c9CNICA<\/span><\/a>\n\n","protected":false},"excerpt":{"rendered":"<p>Con nuestra luminaria lineal LED, podr\u00e1s obtener dise\u00f1os innovadores y vanguardistas en tus espacios. Dise\u00f1adas para instalarse suspendidas y sobrepuestas en techo, con la posibilidad de unirse de forma continua, nuestras luminarias te permitir\u00e1n obtener un flujo lum\u00ednico adecuado para locales comerciales, almacenes de cadena, centros comerciales y mucho m\u00e1s.<\/p>\n<p>Adem\u00e1s, nuestras luminarias lineales LED son el complemento ideal para los dise\u00f1os arquitect\u00f3nicos modernos en oficinas, bancos e incluso en residencias. Con su dise\u00f1o elegante y sofisticado, podr\u00e1s crear un ambiente acogedor y cosmopolita en cualquier espacio.<\/p>\n","protected":false},"featured_media":1083,"comment_status":"open","ping_status":"closed","template":"","meta":[],"product_brand":[188],"product_cat":[164],"product_tag":[186,185,187],"class_list":{"0":"post-1081","1":"product","2":"type-product","3":"status-publish","4":"has-post-thumbnail","6":"product_brand-ecolite","7":"product_cat-iluminacion","8":"product_tag-ac120130v","9":"product_tag-led","10":"product_tag-warm-white","12":"first","13":"instock","14":"taxable","15":"shipping-taxable","16":"purchasable","17":"product-type-simple"},"_links":{"self":[{"href":"https:\/\/tienda.inlitechcol.com.co\/index.php\/wp-json\/wp\/v2\/product\/1081","targetHints":{"allow":["GET"]}}],"collection":[{"href":"https:\/\/tienda.inlitechcol.com.co\/index.php\/wp-json\/wp\/v2\/product"}],"about":[{"href":"https:\/\/tienda.inlitechcol.com.co\/index.php\/wp-json\/wp\/v2\/types\/product"}],"replies":[{"embeddable":true,"href":"https:\/\/tienda.inlitechcol.com.co\/index.php\/wp-json\/wp\/v2\/comments?post=1081"}],"wp:featuredmedia":[{"embeddable":true,"href":"https:\/\/tienda.inlitechcol.com.co\/index.php\/wp-json\/wp\/v2\/media\/1083"}],"wp:attachment":[{"href":"https:\/\/tienda.inlitechcol.com.co\/index.php\/wp-json\/wp\/v2\/media?parent=1081"}],"wp:term":[{"taxonomy":"product_brand","embeddable":true,"href":"https:\/\/tienda.inlitechcol.com.co\/index.php\/wp-json\/wp\/v2\/product_brand?post=1081"},{"taxonomy":"product_cat","embeddable":true,"href":"https:\/\/tienda.inlitechcol.com.co\/index.php\/wp-json\/wp\/v2\/product_cat?post=1081"},{"taxonomy":"product_tag","embeddable":true,"href":"https:\/\/tienda.inlitechcol.com.co\/index.php\/wp-json\/wp\/v2\/product_tag?post=1081"}],"curies":[{"name":"wp","href":"https:\/\/api.w.org\/{rel}","templated":true}]}}