{"id":1078,"date":"2025-04-10T03:27:56","date_gmt":"2025-04-10T02:27:56","guid":{"rendered":"https:\/\/tienda.inlitech.nelperecas.com\/?post_type=product&#038;p=1078"},"modified":"2025-04-10T04:18:06","modified_gmt":"2025-04-10T03:18:06","slug":"bombillo-led-5w-dimerizable-base-gu10-lbgu105w-dim","status":"publish","type":"product","link":"https:\/\/tienda.inlitechcol.com.co\/index.php\/product\/bombillo-led-5w-dimerizable-base-gu10-lbgu105w-dim\/","title":{"rendered":"Bombillo LED 5W dimerizable base GU10 LBGU105W DIM"},"content":{"rendered":"<p>El Bombillo LED GU10 Ecolite dimerizable es para iluminaci\u00f3n de acento o luz focal, construido con un lente \u00f3ptico en policarbonato opalizado, cuerpo en aluminio recubierto con pl\u00e1stico y base GU10 que permite conectar a la corriente alterna AC120-130V.<\/p>\n<p>\u2022 Referencia: LBGU105W-DIM<br \/>\n\u2022 Tipo de LED: SMD 2835<br \/>\n\u2022 Voltaje de entrada: AC120-130V 60Hz<br \/>\n\u2022 Temperatura de trabajo: -20\u00baC + 40\u00baC<br \/>\n\u2022 Potencia: 5 Watts<br \/>\n\u2022 Potencia x LED: 5 Watts<br \/>\n\u2022 Corriente de trabajo: AC120-130V<br \/>\n\u2022 Temperatura de color (K): 3000K<br \/>\n\u2022 Flujo Luminoso (Lm): 450 Lm<br \/>\n\u2022 Dimerizable: Dimerizable<br \/>\n\u2022 CRI: 80 RA<br \/>\n\u2022 Dimensiones (mm): \u00f850X51 mm<br \/>\n\u2022 \u00c1ngulo de Apertura: 36\u00ba<br \/>\n\u2022 Grado de protecci\u00f3n: IP20<br \/>\n\u2022 Horas de vida \u00fatil: 25.000 horas<br \/>\n\u2022 Garant\u00eda: 24 Meses<\/p>\n<a class=\"button  button_left button_size_2\" href=\"https:\/\/ecolite.com.co\/wp-content\/uploads\/fichas-tecnicas\/Ficha%20Tecnica_Bombillos-GU10_2024.pdf\"     target=\"_blank\"    title=\"\"><span class=\"button_icon\"><i class=\"download\"  aria-hidden=\"true\"><\/i><\/span><span class=\"button_label\">FICHA T\u00c9CNICA<\/span><\/a>\n\n","protected":false},"excerpt":{"rendered":"<p>El bombillo LED GU10 5W dimerizable Ecolite reemplaza los bombillos hal\u00f3genos de 35W. Este bombillo permite regular su intensidad con la utilizaci\u00f3n de un Dimmer, atenuador o controlador de voltaje. Es ideal para iluminaci\u00f3n de hogares, galer\u00edas de arte, teatros o lugares donde se desee crear ambientes c\u00e1lidos, elegantes y acogedores.<br \/>\nLos Bombillos LED GU10 Ecolite, realzan los colores de los elementos exhibidos, gracias a su alto \u00edndice de reproducci\u00f3n crom\u00e1tica.<\/p>\n","protected":false},"featured_media":1079,"comment_status":"open","ping_status":"closed","template":"","meta":[],"product_brand":[188],"product_cat":[164],"product_tag":[186,185,187],"class_list":{"0":"post-1078","1":"product","2":"type-product","3":"status-publish","4":"has-post-thumbnail","6":"product_brand-ecolite","7":"product_cat-iluminacion","8":"product_tag-ac120130v","9":"product_tag-led","10":"product_tag-warm-white","12":"first","13":"instock","14":"taxable","15":"shipping-taxable","16":"purchasable","17":"product-type-simple"},"_links":{"self":[{"href":"https:\/\/tienda.inlitechcol.com.co\/index.php\/wp-json\/wp\/v2\/product\/1078","targetHints":{"allow":["GET"]}}],"collection":[{"href":"https:\/\/tienda.inlitechcol.com.co\/index.php\/wp-json\/wp\/v2\/product"}],"about":[{"href":"https:\/\/tienda.inlitechcol.com.co\/index.php\/wp-json\/wp\/v2\/types\/product"}],"replies":[{"embeddable":true,"href":"https:\/\/tienda.inlitechcol.com.co\/index.php\/wp-json\/wp\/v2\/comments?post=1078"}],"wp:featuredmedia":[{"embeddable":true,"href":"https:\/\/tienda.inlitechcol.com.co\/index.php\/wp-json\/wp\/v2\/media\/1079"}],"wp:attachment":[{"href":"https:\/\/tienda.inlitechcol.com.co\/index.php\/wp-json\/wp\/v2\/media?parent=1078"}],"wp:term":[{"taxonomy":"product_brand","embeddable":true,"href":"https:\/\/tienda.inlitechcol.com.co\/index.php\/wp-json\/wp\/v2\/product_brand?post=1078"},{"taxonomy":"product_cat","embeddable":true,"href":"https:\/\/tienda.inlitechcol.com.co\/index.php\/wp-json\/wp\/v2\/product_cat?post=1078"},{"taxonomy":"product_tag","embeddable":true,"href":"https:\/\/tienda.inlitechcol.com.co\/index.php\/wp-json\/wp\/v2\/product_tag?post=1078"}],"curies":[{"name":"wp","href":"https:\/\/api.w.org\/{rel}","templated":true}]}}